{"id":60,"date":"2020-06-25T18:56:21","date_gmt":"2020-06-25T23:56:21","guid":{"rendered":"https:\/\/lab.avsys.com.mx\/divi4\/?page_id=60"},"modified":"2026-03-20T13:20:46","modified_gmt":"2026-03-20T19:20:46","slug":"aviso-de-privacidad","status":"publish","type":"page","link":"https:\/\/lab.avsys.com.mx\/divi4\/aviso-de-privacidad\/","title":{"rendered":"Aviso de Privacidad"},"content":{"rendered":"<p>[et_pb_section fb_built=&#8221;1&#8243; _builder_version=&#8221;4.16&#8243; global_colors_info=&#8221;{}&#8221;][et_pb_row _builder_version=&#8221;4.16&#8243; global_colors_info=&#8221;{}&#8221;][et_pb_column type=&#8221;4_4&#8243; _builder_version=&#8221;4.16&#8243; global_colors_info=&#8221;{}&#8221;][et_pb_text _builder_version=&#8221;4.27.4&#8243; hover_enabled=&#8221;0&#8243; global_colors_info=&#8221;{}&#8221; sticky_enabled=&#8221;0&#8243;]En t\u00e9rminos de la LEY FEDERAL DE PROTECCI\u00d3N DE DATOS PERSONALES EN POSESI\u00d3N DE LOS PARTICULARES (LFPDPPP), AVSYS DE M\u00c9XICO, S.A. DE C.V. en lo sucesivo <strong><span style=\"color: #009ddc;\">\u201cLA EMPRESA\u201d<\/span><\/strong>, pone a su disposici\u00f3n el presente aviso de privacidad, previo al tratamiento de sus datos personales, de conformidad con lo siguiente:<\/p>\n<p><strong><span style=\"color: #009ddc;\">I.- IDENTIDAD Y DOMICILIO DE \u201cLA EMPRESA\u201d: AVSYS DE M\u00c9XICO, S.A. DE C.V.\u00a0<\/span><\/strong>es responsable del tratamiento (uso) de sus datos personales, es una empresa debidamente constituida y legalmente existente conforme a las leyes de los Estados Unidos Mexicanos, con domicilio para efectos del presente aviso de privacidad en Nebulosa 2916 Col. Jardines del Bosque, Guadalajara, Jalisco. M\u00e9xico C.P. 44520 n\u00famero telef\u00f3nico de contacto 33 4302 4744<\/p>\n<p>Toda comunicaci\u00f3n deber\u00e1 dirigirse al Departamento de Datos Personales, el cual ha sido designado como responsable para el tr\u00e1mite de solicitudes y fomento a la protecci\u00f3n de Datos Personales, en t\u00e9rminos del Art\u00edculo 30 de la Ley.<\/p>\n<p><strong><span style=\"color: #009ddc;\">II.- DATOS PERSONALES QUE OBTENEMOS Y DE PROCEDENCIA:<\/span><\/strong><\/p>\n<p>Datos personales que recabamos trat\u00e1ndose de persona moral:<\/p>\n<ul>\n<li>Informaci\u00f3n del cliente (raz\u00f3n social, correo electr\u00f3nico, direcci\u00f3n, comprobante de domicilio, tel\u00e9fono, fax).<\/li>\n<li>Documentaci\u00f3n de identidad (acta constitutiva, folio de registro ante registro p\u00fablico de la propiedad y comercio).<\/li>\n<li>Informaci\u00f3n fiscal (cedula de identificaci\u00f3n fiscal, direcci\u00f3n de facturaci\u00f3n).<\/li>\n<li>Datos financieros: informaci\u00f3n de cuentas bancarias, formas de pago.<\/li>\n<\/ul>\n<p>Datos personales que recabamos trat\u00e1ndose de persona f\u00edsica:<\/p>\n<ul>\n<li>Informaci\u00f3n del contacto (Nombre completo, correo electr\u00f3nico, direcci\u00f3n, comprobante de domicilio, tel\u00e9fono, celular, fax)<\/li>\n<li>Documentaci\u00f3n de identidad (Credencial de elector, pasaporte, licencia de manejo, cartilla o cedula profesional)<\/li>\n<li>Informaci\u00f3n fiscal (Cedula de identificaci\u00f3n fiscal, direcci\u00f3n de facturaci\u00f3n).<\/li>\n<\/ul>\n<p>Datos personales sensibles, patrimoniales o financieros que podr\u00edamos llegar a recabar:<\/p>\n<ul>\n<li>Datos financieros: informaci\u00f3n de cuentas bancarias, formas de pago.<\/li>\n<\/ul>\n<p><span style=\"color: #009ddc;\"><strong>III.- FINALIDAD DEL TRATAMIENTO DE LOS DATOS PERSONALES:<\/strong>\u00a0<strong>\u201cLA EMPRESA\u201d\u00a0<\/strong><\/span>se obliga a hacer uso correcto de sus datos personales, incluyendo los datos personales sensibles que en su caso se lleguen a recopilar de conformidad con los principios de la Ley Federal de Protecci\u00f3n de Datos Personales en posesi\u00f3n de los particulares, licitud, consentimiento, informaci\u00f3n, calidad, finalidad, lealtad, proporcionalidad y responsabilidad. El objeto o fin de la obtenci\u00f3n, uso y almacenamiento de los datos personales del titular, se desglosa de la siguiente manera:<\/p>\n<ol>\n<li>Brindarle asesor\u00eda jur\u00eddica.<\/li>\n<li>Verificar la informaci\u00f3n que nos proporciona.<\/li>\n<li>Para uso interno de\u00a0<span style=\"color: #009ddc;\"><strong>\u201cLA EMPRESA\u201d<\/strong><\/span>, as\u00ed como dar contestaci\u00f3n a sus dudas o comentarios derivada de la prestaci\u00f3n de servicios.<\/li>\n<li>Para la promoci\u00f3n de los productos, servicios que ofrece\u00a0<span style=\"color: #009ddc;\"><strong>\u201cLA EMPRESA\u201d\u00a0<\/strong><\/span>o en su caso invitaciones para alguno de nuestros eventos.<\/li>\n<li>Integrar su expediente como cliente.<\/li>\n<li>Proveer servicios y productos requeridos e informar sobre nuevos productos o servicios que est\u00e9n relacionados con lo contratado o adquirido por\u00a0<span style=\"color: #009ddc;\"><strong>\u201cEl Titular\u201d<\/strong><\/span>.<\/li>\n<li>Informar sobre cambios en nuestros servicios, evaluar la calidad en el servicio y productos.<\/li>\n<li>La identificaci\u00f3n, tecnolog\u00edas de la informaci\u00f3n, operaci\u00f3n, administraci\u00f3n, mercadotecnia, comercializaci\u00f3n y otros fines an\u00e1logos y l\u00edcitos conforme a lo dispuesto por la Ley, derivados de los servicios contratados por\u00a0<span style=\"color: #009ddc;\"><strong>\u201cEl Titular\u201d<\/strong><\/span>.<\/li>\n<\/ol>\n<p>Los datos sensibles se recabar\u00e1n para las siguientes finalidades:<\/p>\n<ul>\n<li>Para tener los antecedentes necesarios con el objeto de poder prestar la atenci\u00f3n adecuada.<\/li>\n<\/ul>\n<p>Al leer y aceptar el presente Aviso de Privacidad, doy mi consentimiento para el tratamiento de mis datos personales sensibles, para las finalidades necesarias para la prestaci\u00f3n de servicios con el Responsable.<\/p>\n<p>Para las finalidades se\u00f1aladas anteriormente podemos recabar sus datos personales de distintas formas:<\/p>\n<ul>\n<li>Cuando libremente usted nos los proporciona de manera voluntaria.<\/li>\n<li>Por medio de nuestra p\u00e1gina web.<\/li>\n<li>Por v\u00eda telef\u00f3nica.<\/li>\n<li>Cuando obtenemos informaci\u00f3n a trav\u00e9s de otras fuentes de acceso p\u00fablico que est\u00e1n permitidas por la ley (Directorios telef\u00f3nicos, correo electr\u00f3nico, sitios web, y dem\u00e1s afines).<\/li>\n<\/ul>\n<p>Se hace de su conocimiento que en nuestras instalaciones se cuenta con un sistema de c\u00e1maras de vigilancia con circuito cerrado, el cual se encuentra activo las 24 horas del d\u00eda, el cual nos permite mantenernos informados y contar con un control de acceso sobre los visitantes que acceden a las instalaciones y garantizar la seguridad del personal, clientes y visitantes.<\/p>\n<p>Toda la informaci\u00f3n personal y agregada que se obtenga de\u00a0<span style=\"color: #009ddc;\"><strong>\u201cEl Titular\u201d<\/strong><\/span>\u00a0constituir\u00e1 una base de datos, propiedad de\u00a0<span style=\"color: #009ddc;\"><strong>\u201cLA EMPRESA\u201d<\/strong><\/span>, informaci\u00f3n que se almacena para protegerla y evitar su p\u00e9rdida, uso indebido, alteraci\u00f3n, o que la misma pueda ser interceptada por terceros.\u00a0<span style=\"color: #009ddc;\"><strong>\u201cEl Cliente\u201d\u00a0<\/strong><\/span>autoriza expresamente por este medio a\u00a0<span style=\"color: #009ddc;\"><strong>\u201cLA EMPRESA\u201d\u00a0<\/strong><\/span>a compartir la informaci\u00f3n personal proporcionada con alguna Autoridad que le requiera por escrito y en t\u00e9rminos de ley.<\/p>\n<p><span style=\"color: #009ddc;\"><strong>IV.- ENLACES A OTROS SITIOS WEB:\u00a0<\/strong><\/span>Nuestro sitio Web puede contener para su conveniencia, enlaces a diferentes sitios Web,\u00a0<span style=\"color: #009ddc;\"><strong>\u201cLA EMPRESA\u201d\u00a0<\/strong><\/span>no es responsable de dichos sitios Web, por lo que no garantiza, ni se hace responsable del contenido encontrado en estos, lo invitamos a que lea cuidadosamente el Aviso de Privacidad de cada uno de los sitios en Internet que visita.<\/p>\n<p><span style=\"color: #009ddc;\"><strong>V.- LAS OPCIONES Y MEDIOS PARA LIMITAR EL USO O DIVULGACI\u00d3N DE LOS DATOS PERSONALES:\u00a0<\/strong><\/span>en el momento en que\u00a0<span style=\"color: #009ddc;\"><strong>\u201cLA EMPRESA\u201d<\/strong><\/span>\u00a0recabe sus datos personales, El Titular de los mismos, podr\u00e1 limitar su uso o divulgaci\u00f3n, manifestando su oposici\u00f3n en relaci\u00f3n a finalidades no necesarias, lo cual tendr\u00e1 que manifestar al momento de solicitarle sus datos personales, y se\u00f1alar cuales no est\u00e1 dispuesto a facilitar al responsable.<\/p>\n<p>De igual manera si El Titular no manifiesta su inconformidad en el momento en el que se le est\u00e9n recabando sus datos personales,\u00a0<span style=\"color: #009ddc;\"><strong>\u201cLA EMPRESA\u201d\u00a0<\/strong><\/span>recabara los datos que considere suficientes para llevar a cabo el servicio contratado.<\/p>\n<p><span style=\"color: #009ddc;\"><strong>VI.- MEDIOS PARA EJERCER SU OPOSICI\u00d3N PARA EL TRATAMIENTO DE DATOS PARA FINALIDADES NO NECESARIAS:\u00a0<\/strong><\/span>Usted puede manifestar su oposici\u00f3n para el tratamiento de sus datos para finalidades no necesarias generando un escrito libre en donde manifieste que datos no est\u00e1 de acuerdo en facilitar el responsable, el escrito ira dirigido al correo de contacto del \u00e1rea destinada al tratamiento de datos personales siendo este\u00a0<a href=\"mailto:contacto@avsys.com.mx\">contacto@avsys.com.mx<\/a>, el mencionado escrito deber\u00e1 cumplir con los siguientes requerimientos:<\/p>\n<ul>\n<li>Nombre completo del titular de los datos personales.<\/li>\n<li>Puntualizar los datos que no desea facilitar al responsable.<\/li>\n<li>Dar una breve explicaci\u00f3n del porque cree innecesario facilitar esos datos al responsable.<\/li>\n<li>Anexar al escrito un documento oficial de identificaci\u00f3n del titular de los datos personales.<\/li>\n<\/ul>\n<p><span style=\"color: #009ddc;\"><strong>VII.- LOS MEDIOS PARA EJERCER LOS DERECHOS DE ACCESO, RECTIFICACI\u00d3N, CANCELACI\u00d3N U OPOSICI\u00d3N: \u201cEl Titular\u201d\u00a0<\/strong><\/span>podr\u00e1 solicitar a\u00a0<span style=\"color: #009ddc;\"><strong>\u201cLA EMPRESA\u201d<\/strong><\/span>, en cualquier momento, el acceso, la rectificaci\u00f3n, la cancelaci\u00f3n u oposici\u00f3n respecto a los datos personales que le conciernen, los mecanismos que se han implementado para el ejercicio de dichos derechos son a trav\u00e9s de le presentaci\u00f3n de la solicitud respectiva a nuestro Departamento de Datos Personales, ya sea personalmente en la direcci\u00f3n del mismo o enviando un correo electr\u00f3nico al se\u00f1alado previamente, en donde despu\u00e9s de recibida su solicitud\u00a0<span style=\"color: #009ddc;\"><strong>\u201cLA EMPRESA\u201d\u00a0<\/strong><\/span>cuenta con un t\u00e9rmino de 20 d\u00edas h\u00e1biles para darle contestaci\u00f3n y hacerle saber si su solicitud es procedente o no, si esta llegase a proceder el responsable contara con un plazo de 15 d\u00edas h\u00e1biles para hacer efectiva la petici\u00f3n por parte del titular de los datos personales.<\/p>\n<p><span style=\"color: #009ddc;\"><strong>VIII.- TRANSFERENCIAS DE DATOS QUE SE EFECT\u00daEN: \u201cLA EMPRESA\u201d\u00a0<\/strong><\/span>se compromete a no transferir su informaci\u00f3n personal a terceros sin su consentimiento, salvo las excepciones previstas en el art\u00edculo 37 de la Ley Federal de Protecci\u00f3n de Datos Personales en Posesi\u00f3n de los Particulares, as\u00ed como realizar esta transferencia en los t\u00e9rminos que fija esa Ley.<\/p>\n<p>En caso de que\u00a0<span style=\"color: #009ddc;\"><strong>\u201cLA EMPRESA\u201d<\/strong><\/span>, llegar\u00e9 a transferir tus datos personales a terceros proveedores de servicios para el cumplimiento de las obligaciones legales, contables, regulatorias o contractuales a cargo de\u00a0<span style=\"color: #009ddc;\"><strong>AVSYS DE M\u00c9XICO, S.A. DE C.V.<\/strong><\/span> o de cualquiera de sus empresas afiliadas en M\u00e9xico o en el extranjero, con el fin de llevar al cabo las finalidades del tratamiento establecidas en el presente aviso de privacidad, lo har\u00e1 previa celebraci\u00f3n de convenios de confidencialidad y, siempre y cuando (1) el proveedor o persona a quien se le transmitan acepte someter el tratamiento de los datos personales al presente aviso de privacidad y, (2) no se trate de alguno de los supuestos establecidos en el art\u00edculo 37 de la Ley. Si usted no manifiesta su oposici\u00f3n para que sus datos personales sean transferidos a terceros, se entender\u00e1 que ha otorgado a<span style=\"color: #009ddc;\"><strong>\u00a0AVSYS DE M\u00c9XICO, S.A. DE C.V.<\/strong><\/span> su consentimiento para ello.<\/p>\n<p><span style=\"color: #009ddc;\"><strong>IX.- MEDIDAS DE SEGURIDAD PARA PROTECCI\u00d3N DE DATOS PERSONALES:\u00a0<\/strong><\/span>La empresa ha adoptado y mantiene las medidas de seguridad administrativas, t\u00e9cnicas y f\u00edsicas necesarias y a su alcance para proteger los datos personales que libremente nos ha proporcionado.<\/p>\n<p><span style=\"color: #009ddc;\"><strong>X.- MODIFICACIONES AL AVISO DE PRIVACIDAD:\u00a0<\/strong><\/span>El presente aviso de privacidad podr\u00e1 ser modificado o actualizado unilateralmente por\u00a0<span style=\"color: #009ddc;\"><strong>\u201cLA EMPRESA\u201d\u00a0<\/strong><\/span>inform\u00e1ndole a \u201cEl Titular\u201d de dichos cambios a trav\u00e9s los siguientes medios: (I) anuncios visibles en nuestros establecimientos o centros de atenci\u00f3n a clientes; (II) tr\u00edpticos o folletos disponibles en nuestros establecimientos o centros de atenci\u00f3n a clientes; (III) en nuestra p\u00e1gina de Internet; (IV) o se las haremos llegar al \u00faltimo correo electr\u00f3nico que nos haya proporcionado.<\/p>\n<p>Si usted tiene alguna duda sobre el presente aviso de privacidad, puede ponerse en contacto con nosotros a los tel\u00e9fonos y\/o correo electr\u00f3nico se\u00f1alados en el apartado primero denominado <span style=\"color: #009ddc;\"><strong>\u201cI.- IDENTIDAD Y DOMICILIO DE \u201cLA EMPRESA\u201d<\/strong><\/span>, donde recibir\u00e1 la atenci\u00f3n solicitada.<\/p>\n<p>Fecha de \u00faltima actualizaci\u00f3n: 4 de marzo de 2024[\/et_pb_text][\/et_pb_column][\/et_pb_row][\/et_pb_section]<\/p>\n","protected":false},"excerpt":{"rendered":"<p>En t\u00e9rminos de la LEY FEDERAL DE PROTECCI\u00d3N DE DATOS PERSONALES EN POSESI\u00d3N DE LOS PARTICULARES (LFPDPPP), AVSYS DE M\u00c9XICO, S.A. DE C.V. en lo sucesivo \u201cLA EMPRESA\u201d, pone a su disposici\u00f3n el presente aviso de privacidad, previo al tratamiento de sus datos personales, de conformidad con lo siguiente: I.- IDENTIDAD Y DOMICILIO DE \u201cLA [&hellip;]<\/p>\n","protected":false},"author":1,"featured_media":0,"parent":0,"menu_order":6,"comment_status":"closed","ping_status":"closed","template":"","meta":{"_et_pb_use_builder":"on","_et_pb_old_content":"<!-- wp:divi\/placeholder \/-->","_et_gb_content_width":"","footnotes":""},"class_list":["post-60","page","type-page","status-publish","hentry"],"_links":{"self":[{"href":"https:\/\/lab.avsys.com.mx\/divi4\/wp-json\/wp\/v2\/pages\/60","targetHints":{"allow":["GET"]}}],"collection":[{"href":"https:\/\/lab.avsys.com.mx\/divi4\/wp-json\/wp\/v2\/pages"}],"about":[{"href":"https:\/\/lab.avsys.com.mx\/divi4\/wp-json\/wp\/v2\/types\/page"}],"author":[{"embeddable":true,"href":"https:\/\/lab.avsys.com.mx\/divi4\/wp-json\/wp\/v2\/users\/1"}],"replies":[{"embeddable":true,"href":"https:\/\/lab.avsys.com.mx\/divi4\/wp-json\/wp\/v2\/comments?post=60"}],"version-history":[{"count":6,"href":"https:\/\/lab.avsys.com.mx\/divi4\/wp-json\/wp\/v2\/pages\/60\/revisions"}],"predecessor-version":[{"id":474,"href":"https:\/\/lab.avsys.com.mx\/divi4\/wp-json\/wp\/v2\/pages\/60\/revisions\/474"}],"wp:attachment":[{"href":"https:\/\/lab.avsys.com.mx\/divi4\/wp-json\/wp\/v2\/media?parent=60"}],"curies":[{"name":"wp","href":"https:\/\/api.w.org\/{rel}","templated":true}]}}