{"id":58,"date":"2020-06-25T18:55:49","date_gmt":"2020-06-25T23:55:49","guid":{"rendered":"https:\/\/lab.avsys.com.mx\/divi4\/?page_id=58"},"modified":"2023-05-30T18:50:27","modified_gmt":"2023-05-30T23:50:27","slug":"copyright","status":"publish","type":"page","link":"https:\/\/lab.avsys.com.mx\/divi4\/copyright\/","title":{"rendered":"Copyright"},"content":{"rendered":"<p>[et_pb_section fb_built=&#8221;1&#8243; _builder_version=&#8221;4.4.8&#8243;][et_pb_row _builder_version=&#8221;4.4.8&#8243;][et_pb_column _builder_version=&#8221;4.4.8&#8243; type=&#8221;4_4&#8243;][et_pb_text _builder_version=&#8221;4.4.8&#8243; hover_enabled=&#8221;0&#8243;]<\/p>\n<p><span style=\"color: #009ddc;\"><strong>Copyright \u2013 Derechos Reservados<\/strong><\/span><\/p>\n<p>AVSYS DE M\u00c9XICO, S.A. DE C.V. pone a su disposici\u00f3n informaci\u00f3n; materiales y productos en este sitio, sujeto a los siguientes t\u00e9rminos y condiciones.<\/p>\n<p span style=\"color: #009ddc;\"><strong>Al ingresar a nuestro sitio usted est\u00e1 de acuerdo con todos los t\u00e9rminos y condiciones que se definen en esta p\u00e1gina. AVSYS DE M\u00c9XICO, S.A. DE C.V. se reserva el derecho de cambiar estos t\u00e9rminos y condiciones cuando sea necesario. La informaci\u00f3n contenida en este sitio est\u00e1 protegida por derechos reservados.<\/strong><\/p>\n<p>Copyright \u00a9 2020 AVSYS DE M\u00c9XICO, S.A. DE C.V. Todos los derechos reservados.<\/p>\n<p>Excluyendo los permisos y licencias por escrito, ninguna de la informaci\u00f3n contenida en este sitio puede ser reproducida en cualquier forma o medio sin el permiso correspondiente de AVSYS DE M\u00c9XICO, S.A. DE C.V.<\/p>\n<p><span style=\"color: #009ddc;\"><strong>Uso del Software:\u00a0<\/strong><\/span>Ning\u00fan software se obtiene directamente de nuestro servidor, los \u201clinks\u201d que aparecen dentro de nuestro sitio son propiedad de cada uno de los fabricantes. Cualquier problema o desperfecto que se pudiera suscitar en la computadora del cliente y\/o terceras personas, est\u00e1 sujeto a las pol\u00edticas de responsabilidades del fabricante. Todos los derechos reservados del software pertenecen a sus respectivos fabricantes.<\/p>\n<p><span style=\"color: #009ddc;\"><strong>Uso de la informaci\u00f3n contenida en nuestro sitio:\u00a0<\/strong><\/span>A excepci\u00f3n de como se indica en otras partes de nuestro sitio usted puede ver, copiar, imprimir y distribuir los documentos disponibles en esta p\u00e1gina web, sujet\u00e1ndose a las siguientes condiciones:<\/p>\n<ol>\n<li>El documento puede ser utilizado para informaci\u00f3n personal y prop\u00f3sitos no comerciales.<\/li>\n<li>El documento y su informaci\u00f3n no pueden ser alterados o modificados en cualquier forma o medio.<\/li>\n<li>Cualquier copia del documento o porci\u00f3n de \u00e9l deben de incluir la leyenda: Copyright \u00a9 2020 AVSYS DE M\u00c9XICO, S.A. DE C.V. Todos los derechos reservados.<\/li>\n<\/ol>\n<p>AVSYS DE M\u00c9XICO, S.A. DE C.V. se reserva el derecho de revocar en cualquier momento dicha autorizaci\u00f3n. Los puntos especificados con anterioridad no incluyen el dise\u00f1o y el acomodo del sitio. Los elementos de este sitio, est\u00e1n protegidos por leyes de Propiedad Intelectual y otras leyes que proh\u00edben la copia total o parcial de este material.<\/p>\n<p>Este sitio puede tener algunas faltas de ortogr\u00e1ficas, mismas que ser\u00e1n corregidas peri\u00f3dicamente en cada actualizaci\u00f3n. A este sitio se puede ser acceder desde cualquier parte del mundo, se promueven productos y servicios que no necesariamente se ofrecen en otros pa\u00edses.<\/p>\n<p><span style=\"color: #009ddc;\"><strong>Informaci\u00f3n confidencial:<\/strong><\/span>\u00a0A excepci\u00f3n de su n\u00famero de tarjeta de cr\u00e9dito y datos personales, como nombre, tel\u00e9fono y correo electr\u00f3nico, AVSYS DE M\u00c9XICO, S.A. DE C.V.. no desea recibir mayor informaci\u00f3n que la necesaria para desempe\u00f1ar sus labores comerciales de informaci\u00f3n y de servicio al cliente.<\/p>\n<p>Cualquier comentario e informaci\u00f3n que se env\u00eda a AVSYS DE M\u00c9XICO, S.A. DE C.V. pasa a formar parte de nuestro criterio, independientemente si lo usamos o no, en nuestro sistema de trabajo. AVSYS DE M\u00c9XICO, S.A. DE C.V. no est\u00e1 obligado a publicar su nombre en sus materiales, cualquiera que sea su presentaci\u00f3n.<\/p>\n<p>AVSYS DE M\u00c9XICO, S.A. DE C.V. se declara una instituci\u00f3n neutra, no tiene favoritismos ni preferencias comerciales. AVSYS DE M\u00c9XICO, S.A. DE C.V. se declara libre para efectuar cualquier operaci\u00f3n comercial que se encuentre dentro del marco de las leyes mexicanas.<\/p>\n<p>[\/et_pb_text][\/et_pb_column][\/et_pb_row][\/et_pb_section]<\/p>\n","protected":false},"excerpt":{"rendered":"<p>Copyright \u2013 Derechos Reservados AVSYS DE M\u00c9XICO, S.A. DE C.V. pone a su disposici\u00f3n informaci\u00f3n; materiales y productos en este sitio, sujeto a los siguientes t\u00e9rminos y condiciones. Al ingresar a nuestro sitio usted est\u00e1 de acuerdo con todos los t\u00e9rminos y condiciones que se definen en esta p\u00e1gina. AVSYS DE M\u00c9XICO, S.A. DE C.V. [&hellip;]<\/p>\n","protected":false},"author":1,"featured_media":0,"parent":0,"menu_order":5,"comment_status":"closed","ping_status":"closed","template":"","meta":{"_et_pb_use_builder":"on","_et_pb_old_content":"<!-- wp:divi\/placeholder \/-->","_et_gb_content_width":"","footnotes":""},"class_list":["post-58","page","type-page","status-publish","hentry"],"_links":{"self":[{"href":"https:\/\/lab.avsys.com.mx\/divi4\/wp-json\/wp\/v2\/pages\/58","targetHints":{"allow":["GET"]}}],"collection":[{"href":"https:\/\/lab.avsys.com.mx\/divi4\/wp-json\/wp\/v2\/pages"}],"about":[{"href":"https:\/\/lab.avsys.com.mx\/divi4\/wp-json\/wp\/v2\/types\/page"}],"author":[{"embeddable":true,"href":"https:\/\/lab.avsys.com.mx\/divi4\/wp-json\/wp\/v2\/users\/1"}],"replies":[{"embeddable":true,"href":"https:\/\/lab.avsys.com.mx\/divi4\/wp-json\/wp\/v2\/comments?post=58"}],"version-history":[{"count":3,"href":"https:\/\/lab.avsys.com.mx\/divi4\/wp-json\/wp\/v2\/pages\/58\/revisions"}],"predecessor-version":[{"id":183,"href":"https:\/\/lab.avsys.com.mx\/divi4\/wp-json\/wp\/v2\/pages\/58\/revisions\/183"}],"wp:attachment":[{"href":"https:\/\/lab.avsys.com.mx\/divi4\/wp-json\/wp\/v2\/media?parent=58"}],"curies":[{"name":"wp","href":"https:\/\/api.w.org\/{rel}","templated":true}]}}